{"id":752,"date":"2021-01-11T19:00:25","date_gmt":"2021-01-11T19:00:25","guid":{"rendered":"http:\/\/housesandhomesspain.com\/gestoria-services\/"},"modified":"2021-02-15T09:10:09","modified_gmt":"2021-02-15T09:10:09","slug":"gestoria-services","status":"publish","type":"page","link":"https:\/\/housesandhomesspain.com\/es\/gestoria-services\/","title":{"rendered":"Gestor\u00eda"},"content":{"rendered":"<div id=\"pl-752\"  class=\"panel-layout\" ><div id=\"pg-752-0\"  class=\"panel-grid panel-has-style\"  style=\"margin-bottom: 30px\" ><div class=\"siteorigin-panels-stretch panel-row-style panel-row-style-for-752-0\" style=\"padding: 0px 50px 0px 50px;\" data-stretch-type=\"full\" ><div id=\"pgc-752-0-0\"  class=\"panel-grid-cell\" ><div class=\"panel-cell-style panel-cell-style-for-752-0-0\" ><div id=\"panel-752-0-0-0\" class=\"so-panel widget widget_sow-headline panel-first-child panel-last-child\" data-index=\"0\" style=\"margin: -21px 0px 0px 0px;\" ><div style=\"padding: 20px 20px 20px 20px;\" class=\"panel-widget-style panel-widget-style-for-752-0-0-0\" ><div\n\t\t\t\n\t\t\tclass=\"so-widget-sow-headline so-widget-sow-headline-default-ea0af4cf39ae-752 so-widget-fittext-wrapper\"\n\t\t\t data-fit-text-compressor=\"0.85\"\n\t\t><div class=\"sow-headline-container \">\n\t\t\t\t\t\t\t<h1 class=\"sow-headline\">\n\t\t\t\t\t\tServicios de Gestor\u00eda\t\t\t\t\t\t<\/h1>\n\t\t\t\t\t\t\t\t\t\t\t<div class=\"decoration\">\n\t\t\t\t\t\t<div class=\"decoration-inside\"><\/div>\n\t\t\t\t\t<\/div>\n\t\t\t\t\t\t\t\t\t\t\t<h3 class=\"sow-sub-headline\">\n\t\t\t\t\t\tPodemos ofrecer una variedad de servicios desde el tramite de compraventa de una propiedad, NIE, residencia o traducci\u00f3n, somos una compa\u00f1\u00eda que ofrece todo!\t\t\t\t\t\t<\/h3>\n\t\t\t\t\t\t<\/div>\n<\/div><\/div><\/div><\/div><\/div><\/div><\/div><div id=\"pg-752-1\"  class=\"panel-grid panel-has-style\" ><div style=\"padding: 0px 50px 0px 50px;\" class=\"panel-row-style panel-row-style-for-752-1\" ><div id=\"pgc-752-1-0\"  class=\"panel-grid-cell\" ><div id=\"panel-752-1-0-0\" class=\"widget_text so-panel widget widget_custom_html panel-first-child\" data-index=\"1\" style=\"margin-bottom: 30px\" ><div style=\"padding: 0px 20px 20px 20px;\" class=\"widget_text panel-widget-style panel-widget-style-for-752-1-0-0\" ><h3 class=\"widget-title\">Podemos ayudar, asistir o guiar en el siguiente;<\/h3><div class=\"textwidget custom-html-widget\"><ul>\n<li>\u00b7 Compraventa (Contrato de dep\u00f3sitos, Contrato de arras y terminaci\u00f3n de contrato ante notario)<br><\/li>\n<li>\u00b7 Compraventa (Contrato de dep\u00f3sitos, Contrato de arras y terminaci\u00f3n de contrato ante notario,    impuestos de no residentes, plusval\u00eda) con abogados\/gestores.<br><\/li>\n<li>\u00b7 Solicitar y obtener el certificado energ\u00e9tico.<br><\/li>\n<li>\u00b7 Licencias de alquiler vacacional.<br><\/li>\n<li>\u00b7 Contratos de alquiler y comprobaci\u00f3n de referencias.<br><\/li>\n<li>\u00b7 NIE, TIE, Padronamiento, seguridad social.<br><\/li>\n<li>\u00b7\tTraducciones no oficiales, si es entrando en reunions o en cuerpos p\u00fablicos.<br><\/li>\n<li>\u00b7 Ayuda en obtener y buscar las instalaciones de agua, electricidad, gas, tel\u00e9fono \/ internet.<br><\/li>\n<li>\u00b7 Buscando seguros, coche, vida, salud.<br><\/li>\n<li>\u00b7 Conocemos a traductores jurados que requiren en cuerpos p\u00fablicos o traducir documentos en Ingl\u00e9s,  Espa\u00f1ol, Alem\u00e1n y Holand\u00e9s<br><\/li>\n<li>\u00b7 Gesti\u00f3n de Impuestos por gestor\u00edas officales.<br><\/li>\n<li>\u00b7 Cambio de dinero.<br><\/li>\n<li>\u00b7 Tasaciones de casa \/ comparaciones.<br><\/li>\n<li>\u00b7 Asesoramiento Legal y Fiscal.<br><\/li>\n<\/ul>\n<br>\n\nP\u00f3ngase en contacto con nosotros hoy para obtener un presupuesto sin compromiso y descubra c\u00f3mo podemos ayudarlo. Hablamos ingl\u00e9s, espa\u00f1ol y holand\u00e9s.<\/div><\/div><\/div><div id=\"panel-752-1-0-1\" class=\"so-panel widget widget_sow-button panel-last-child\" data-index=\"2\" style=\"margin: 4px 4px 4px 4px;\" ><div style=\"padding: 10px 10px 10px 10px;\" class=\"panel-widget-style panel-widget-style-for-752-1-0-1\" ><div\n\t\t\t\n\t\t\tclass=\"so-widget-sow-button so-widget-sow-button-atom-f1c6fae3d91a-752\"\n\t\t\t\n\t\t><div class=\"ow-button-base ow-button-align-left\"\n>\n\t\t\t<a\n\t\t\t\t\thref=\"https:\/\/housesandhomesspain.com\/es\/contact-us\/\"\n\t\t\t\t\tclass=\"sowb-button ow-icon-placement-left ow-button-hover\" \t>\n\t\t<span>\n\t\t\t<span class=\"sow-icon-ionicons\" data-sow-icon=\"&#xf384;\"\n\t\tstyle=\"\" \n\t\taria-hidden=\"true\"><\/span>\n\t\t\tContacten\t\t<\/span>\n\t\t\t<\/a>\n\t<\/div>\n<\/div><\/div><\/div><\/div><div id=\"pgc-752-1-1\"  class=\"panel-grid-cell\" ><div id=\"panel-752-1-1-0\" class=\"widget_text so-panel widget widget_custom_html panel-first-child panel-last-child\" data-index=\"3\" style=\"margin: -15px -15px -15px -15px;\" ><div style=\"padding: 0px 20px 20px 20px;\" class=\"widget_text panel-widget-style panel-widget-style-for-752-1-1-0\" ><div class=\"textwidget custom-html-widget\"><style id=\"bwg-style-0\">    #bwg_container1_0 #bwg_container2_0 .bwg-container-0.bwg-standard-thumbnails {      width: 1054px;              justify-content: center;        margin:0 auto !important;              background-color: rgba(255, 255, 255, 0.00);            padding-left: 4px;      padding-top: 4px;      max-width: 100%;            }        #bwg_container1_0 #bwg_container2_0 .bwg-container-0.bwg-standard-thumbnails .bwg-item {    justify-content: flex-start;      max-width: 350px;          }    #bwg_container1_0 #bwg_container2_0 .bwg-container-0.bwg-standard-thumbnails .bwg-item a {       margin-right: 4px;       margin-bottom: 4px;    }    #bwg_container1_0 #bwg_container2_0 .bwg-container-0.bwg-standard-thumbnails .bwg-item0 {      padding: 0px;            background-color:rgba(0,0,0, 0.30);      border: 0px none #CCCCCC;      opacity: 1.00;      border-radius: 0;      box-shadow: ;    }    #bwg_container1_0 #bwg_container2_0 .bwg-container-0.bwg-standard-thumbnails .bwg-item1 img {      max-height: none;      max-width: none;      padding: 0 !important;    }         @media only screen and (min-width: 480px) {\t\t#bwg_container1_0 #bwg_container2_0 .bwg-container-0.bwg-standard-thumbnails .bwg-item1 img {\t\t\t-webkit-transition: all .3s; transition: all .3s;\t\t}\t\t#bwg_container1_0 #bwg_container2_0 .bwg-container-0.bwg-standard-thumbnails .bwg-item1 img:hover {\t\t\t-ms-transform: scale(1.08);\t\t\t-webkit-transform: scale(1.08);\t\t\ttransform: scale(1.08);\t\t}\t\t      }\t    #bwg_container1_0 #bwg_container2_0 .bwg-container-0.bwg-standard-thumbnails .bwg-item1 {      padding-top: 100%;    }        #bwg_container1_0 #bwg_container2_0 .bwg-container-0.bwg-standard-thumbnails .bwg-title2,    #bwg_container1_0 #bwg_container2_0 .bwg-container-0.bwg-standard-thumbnails .bwg-ecommerce2 {      color: #323A45;      font-family: Ubuntu;      font-size: 16px;      font-weight: bold;      padding: 2px;      text-shadow: ;      max-height: 100%;    }    #bwg_container1_0 #bwg_container2_0 .bwg-container-0.bwg-standard-thumbnails .bwg-thumb-description span {    color: #323A45;    font-family: Ubuntu;    font-size: 12px;    max-height: 100%;    word-wrap: break-word;    }    #bwg_container1_0 #bwg_container2_0 .bwg-container-0.bwg-standard-thumbnails .bwg-play-icon2 {      font-size: 32px;    }    #bwg_container1_0 #bwg_container2_0 .bwg-container-0.bwg-standard-thumbnails .bwg-ecommerce2 {      font-size: 19.2px;      color: #323A45;    }    <\/style>    <div id=\"bwg_container1_0\"         class=\"bwg_container bwg_thumbnail bwg_thumbnails \"         data-right-click-protection=\"0\"         data-bwg=\"0\"         data-scroll=\"0\"         data-gallery-type=\"thumbnails\"         data-gallery-view-type=\"thumbnails\"         data-current-url=\"\/es\/wp-json\/wp\/v2\/pages\/752\"         data-lightbox-url=\"https:\/\/housesandhomesspain.com\/wp-admin\/admin-ajax.php?action=GalleryBox&#038;current_view=0&#038;gallery_id=3&#038;tag=0&#038;theme_id=1&#038;shortcode_id=4&#038;sort_by=order&#038;order_by=asc&#038;current_url=%2Fes%2Fwp-json%2Fwp%2Fv2%2Fpages%2F752\"         data-gallery-id=\"3\"         data-popup-width=\"800\"         data-popup-height=\"500\"         data-is-album=\"gallery\"         data-buttons-position=\"bottom\">      <div id=\"bwg_container2_0\">             <div id=\"ajax_loading_0\" class=\"bwg_loading_div_1\">      <div class=\"bwg_loading_div_2\">        <div class=\"bwg_loading_div_3\">          <div id=\"loading_div_0\" class=\"bwg_spider_ajax_loading\">          <\/div>        <\/div>      <\/div>    <\/div>            <form id=\"gal_front_form_0\"              class=\"bwg-hidden\"              method=\"post\"              action=\"#\"              data-current=\"0\"              data-shortcode-id=\"4\"              data-gallery-type=\"thumbnails\"              data-gallery-id=\"3\"              data-tag=\"0\"              data-album-id=\"0\"              data-theme-id=\"1\"              data-ajax-url=\"https:\/\/housesandhomesspain.com\/wp-admin\/admin-ajax.php?action=bwg_frontend_data\">          <div id=\"bwg_container3_0\" class=\"bwg-background bwg-background-0\">                <div data-max-count=\"3\"         data-thumbnail-width=\"350\"         data-bwg=\"0\"         data-gallery-id=\"3\"         data-lightbox-url=\"https:\/\/housesandhomesspain.com\/wp-admin\/admin-ajax.php?action=GalleryBox&amp;current_view=0&amp;gallery_id=3&amp;tag=0&amp;theme_id=1&amp;shortcode_id=4&amp;sort_by=order&amp;order_by=asc&amp;current_url=%2Fes%2Fwp-json%2Fwp%2Fv2%2Fpages%2F752\"         id=\"bwg_thumbnails_0\"         class=\"bwg-container-0 bwg-thumbnails bwg-standard-thumbnails bwg-container bwg-border-box\">            <div class=\"bwg-item\">        <a class=\"bwg-a  bwg_lightbox\"  data-image-id=\"358\" href=\"https:\/\/housesandhomesspain.com\/wp-content\/uploads\/photo-gallery\/20240704_105731.jpg?bwg=1770983928\" data-elementor-open-lightbox=\"no\">                <div class=\"bwg-item0 \">          <div class=\"bwg-item1 \">            <div class=\"bwg-item2\">              <img decoding=\"async\" class=\"skip-lazy bwg_standart_thumb_img_0 \"                   data-id=\"358\"                   data-width=\"375.00\"                   data-height=\"500.00\"                   data-src=\"https:\/\/housesandhomesspain.com\/wp-content\/uploads\/photo-gallery\/thumb\/20240704_105731.jpg?bwg=1770983928\"                   src=\"https:\/\/housesandhomesspain.com\/wp-content\/uploads\/photo-gallery\/thumb\/20240704_105731.jpg?bwg=1770983928\"                   alt=\"20240704 105731\"                   title=\"20240704 105731\" \/>            <\/div>            <div class=\"\">                                                      <\/div>          <\/div>        <\/div>                        <\/a>              <\/div>            <div class=\"bwg-item\">        <a class=\"bwg-a  bwg_lightbox\"  data-image-id=\"356\" href=\"https:\/\/housesandhomesspain.com\/wp-content\/uploads\/photo-gallery\/10_(1)_(1)_(1)_(1)_(1)_(1).jpg?bwg=1770983767\" data-elementor-open-lightbox=\"no\">                <div class=\"bwg-item0 \">          <div class=\"bwg-item1 \">            <div class=\"bwg-item2\">              <img decoding=\"async\" class=\"skip-lazy bwg_standart_thumb_img_0 \"                   data-id=\"356\"                   data-width=\"375.00\"                   data-height=\"500.00\"                   data-src=\"https:\/\/housesandhomesspain.com\/wp-content\/uploads\/photo-gallery\/thumb\/10_(1)_(1)_(1)_(1)_(1)_(1).jpg?bwg=1770983767\"                   src=\"https:\/\/housesandhomesspain.com\/wp-content\/uploads\/photo-gallery\/thumb\/10_(1)_(1)_(1)_(1)_(1)_(1).jpg?bwg=1770983767\"                   alt=\"10 (1) (1) (1) (1) (1) (1)\"                   title=\"10 (1) (1) (1) (1) (1) (1)\" \/>            <\/div>            <div class=\"\">                                                      <\/div>          <\/div>        <\/div>                        <\/a>              <\/div>            <div class=\"bwg-item\">        <a class=\"bwg-a  bwg_lightbox\"  data-image-id=\"22\" href=\"https:\/\/housesandhomesspain.com\/wp-content\/uploads\/photo-gallery\/imported_from_media_libray\/g6-1.jpg?bwg=1610391779\" data-elementor-open-lightbox=\"no\">                <div class=\"bwg-item0 \">          <div class=\"bwg-item1 \">            <div class=\"bwg-item2\">              <img decoding=\"async\" class=\"skip-lazy bwg_standart_thumb_img_0 \"                   data-id=\"22\"                   data-width=\"300\"                   data-height=\"168\"                   data-src=\"https:\/\/housesandhomesspain.com\/wp-content\/uploads\/photo-gallery\/imported_from_media_libray\/thumb\/g6-1.jpg?bwg=1610391779\"                   src=\"https:\/\/housesandhomesspain.com\/wp-content\/uploads\/photo-gallery\/imported_from_media_libray\/thumb\/g6-1.jpg?bwg=1610391779\"                   alt=\"g6\"                   title=\"g6\" \/>            <\/div>            <div class=\"\">                                                      <\/div>          <\/div>        <\/div>                        <\/a>              <\/div>            <div class=\"bwg-item\">        <a class=\"bwg-a  bwg_lightbox\"  data-image-id=\"21\" href=\"https:\/\/housesandhomesspain.com\/wp-content\/uploads\/photo-gallery\/imported_from_media_libray\/g5-1.jpg?bwg=1610391779\" data-elementor-open-lightbox=\"no\">                <div class=\"bwg-item0 \">          <div class=\"bwg-item1 \">            <div class=\"bwg-item2\">              <img decoding=\"async\" class=\"skip-lazy bwg_standart_thumb_img_0 \"                   data-id=\"21\"                   data-width=\"275\"                   data-height=\"183\"                   data-src=\"https:\/\/housesandhomesspain.com\/wp-content\/uploads\/photo-gallery\/imported_from_media_libray\/thumb\/g5-1.jpg?bwg=1610391779\"                   src=\"https:\/\/housesandhomesspain.com\/wp-content\/uploads\/photo-gallery\/imported_from_media_libray\/thumb\/g5-1.jpg?bwg=1610391779\"                   alt=\"g5\"                   title=\"g5\" \/>            <\/div>            <div class=\"\">                                                      <\/div>          <\/div>        <\/div>                        <\/a>              <\/div>            <div class=\"bwg-item\">        <a class=\"bwg-a  bwg_lightbox\"  data-image-id=\"20\" href=\"https:\/\/housesandhomesspain.com\/wp-content\/uploads\/photo-gallery\/imported_from_media_libray\/g4-1.jpg?bwg=1610391779\" data-elementor-open-lightbox=\"no\">                <div class=\"bwg-item0 \">          <div class=\"bwg-item1 \">            <div class=\"bwg-item2\">              <img decoding=\"async\" class=\"skip-lazy bwg_standart_thumb_img_0 \"                   data-id=\"20\"                   data-width=\"279\"                   data-height=\"181\"                   data-src=\"https:\/\/housesandhomesspain.com\/wp-content\/uploads\/photo-gallery\/imported_from_media_libray\/thumb\/g4-1.jpg?bwg=1610391779\"                   src=\"https:\/\/housesandhomesspain.com\/wp-content\/uploads\/photo-gallery\/imported_from_media_libray\/thumb\/g4-1.jpg?bwg=1610391779\"                   alt=\"g4\"                   title=\"g4\" \/>            <\/div>            <div class=\"\">                                                      <\/div>          <\/div>        <\/div>                        <\/a>              <\/div>            <div class=\"bwg-item\">        <a class=\"bwg-a  bwg_lightbox\"  data-image-id=\"355\" href=\"https:\/\/housesandhomesspain.com\/wp-content\/uploads\/photo-gallery\/3_(1)_(1)_(1)_(1)_(1)_(1)_(1)_(1)_(1).jpg?bwg=1770983744\" data-elementor-open-lightbox=\"no\">                <div class=\"bwg-item0 \">          <div class=\"bwg-item1 \">            <div class=\"bwg-item2\">              <img decoding=\"async\" class=\"skip-lazy bwg_standart_thumb_img_0 \"                   data-id=\"355\"                   data-width=\"375.00\"                   data-height=\"500.00\"                   data-src=\"https:\/\/housesandhomesspain.com\/wp-content\/uploads\/photo-gallery\/thumb\/3_(1)_(1)_(1)_(1)_(1)_(1)_(1)_(1)_(1).jpg?bwg=1770983744\"                   src=\"https:\/\/housesandhomesspain.com\/wp-content\/uploads\/photo-gallery\/thumb\/3_(1)_(1)_(1)_(1)_(1)_(1)_(1)_(1)_(1).jpg?bwg=1770983744\"                   alt=\"3 (1) (1) (1) (1) (1) (1) (1) (1) (1)\"                   title=\"3 (1) (1) (1) (1) (1) (1) (1) (1) (1)\" \/>            <\/div>            <div class=\"\">                                                      <\/div>          <\/div>        <\/div>                        <\/a>              <\/div>          <\/div>    <style>      \/*pagination styles*\/      #bwg_container1_0 #bwg_container2_0 .tablenav-pages_0 {\t\t\t\ttext-align: center;\t\t\t\tfont-size: 12px;\t\t\t\tfont-family: Ubuntu;\t\t\t\tfont-weight: bold;\t\t\t\tcolor: #666666;\t\t\t\tmargin: 6px 0 4px;\t\t\t\tdisplay: block;      }      @media only screen and (max-width : 320px) {      #bwg_container1_0 #bwg_container2_0 .displaying-num_0 {     \t display: none;      }      }      #bwg_container1_0 #bwg_container2_0 .displaying-num_0 {\t\t\t\tfont-size: 12px;\t\t\t\tfont-family: Ubuntu;\t\t\t\tfont-weight: bold;\t\t\t\tcolor: #666666;\t\t\t\tmargin-right: 10px;\t\t\t\tvertical-align: middle;      }      #bwg_container1_0 #bwg_container2_0 .paging-input_0 {\t\t\t\tfont-size: 12px;\t\t\t\tfont-family: Ubuntu;\t\t\t\tfont-weight: bold;\t\t\t\tcolor: #666666;\t\t\t\tvertical-align: middle;      }      #bwg_container1_0 #bwg_container2_0 .tablenav-pages_0 a.disabled,      #bwg_container1_0 #bwg_container2_0 .tablenav-pages_0 a.disabled:hover,      #bwg_container1_0 #bwg_container2_0 .tablenav-pages_0 a.disabled:focus,\t\t\t#bwg_container1_0 #bwg_container2_0 .tablenav-pages_0 input.bwg_current_page {\t\t\t\tcursor: default;\t\t\t\tcolor: rgba(102, 102, 102, 0.5);      }      #bwg_container1_0 #bwg_container2_0 .tablenav-pages_0 a,      #bwg_container1_0 #bwg_container2_0 .tablenav-pages_0 input.bwg_current_page {\t\t\t\tcursor: pointer;\t\t\t\ttext-align: center;\t\t\t\tfont-size: 12px;\t\t\t\tfont-family: Ubuntu;\t\t\t\tfont-weight: bold;\t\t\t\tcolor: #666666;\t\t\t\ttext-decoration: none;\t\t\t\tpadding: 3px 6px;\t\t\t\tmargin: 0;\t\t\t\tborder-radius: 0;\t\t\t\tborder-style: solid;\t\t\t\tborder-width: 1px;\t\t\t\tborder-color: #E3E3E3;\t\t\t\t\t\t\t\tbackground-color: rgba(255, 255, 255, 1.00);\t\t\t\tbox-shadow: 0;\t\t\t\ttransition: all 0.3s ease 0s;-webkit-transition: all 0.3s ease 0s;      }      <\/style>      <span class=\"bwg_nav_cont_0\">              <div class=\"tablenav-pages_0\">                  <\/div>                <input type=\"hidden\" id=\"page_number_0\" name=\"page_number_0\" value=\"1\" \/>      <script type=\"text\/javascript\">        if( jQuery('.bwg_nav_cont_0').length > 1 ) {          jQuery('.bwg_nav_cont_0').first().remove()        }        function spider_page_0(cur, x, y, load_more) {          if (typeof load_more == \"undefined\") {            var load_more = false;          }          if (jQuery(cur).hasClass('disabled')) {            return false;          }          var items_county_0 = 1;          switch (y) {            case 1:              if (x >= items_county_0) {                document.getElementById('page_number_0').value = items_county_0;              }              else {                document.getElementById('page_number_0').value = x + 1;              }              break;            case 2:              document.getElementById('page_number_0').value = items_county_0;              break;            case -1:              if (x == 1) {                document.getElementById('page_number_0').value = 1;              }              else {                document.getElementById('page_number_0').value = x - 1;              }              break;            case -2:              document.getElementById('page_number_0').value = 1;              break;\t\t\t\t\t\tcase 0:              document.getElementById('page_number_0').value = x;              break;            default:              document.getElementById('page_number_0').value = 1;          }          bwg_ajax('gal_front_form_0', '0', 'bwg_thumbnails_0', '0', '', 'gallery', 0, '', '', load_more, '', 1);        }                    jQuery('.first-page-0').on('click', function () {              spider_page_0(this, 1, -2, 'numeric');              return false;            });            jQuery('.prev-page-0').on('click', function () {              spider_page_0(this, 1, -1, 'numeric');              return false;            });            jQuery('.next-page-0').on('click', function () {              spider_page_0(this, 1, 1, 'numeric');              return false;            });            jQuery('.last-page-0').on('click', function () {              spider_page_0(this, 1, 2, 'numeric');              return false;            });        \t\t\t\t\/* Change page on input enter. *\/        function bwg_change_page_0( e, that ) {          if (  e.key == 'Enter' ) {            var to_page = parseInt(jQuery(that).val());            var pages_count = jQuery(that).parents(\".pagination-links\").data(\"pages-count\");            var current_url_param = jQuery(that).attr('data-url-info');            if (to_page > pages_count) {              to_page = 1;            }\t \t\t\t\t\t\t\t\t\t\t\t\tspider_page_0(this, to_page, 0, 'numeric');\t\t\t\t\t\t\treturn false;\t\t\t\t\t\t          }          return true;        }        jQuery('.bwg_load_btn_0').on('click', function () {            spider_page_0(this, 1, 1, true);            return false;        });      <\/script>      <\/span>                <\/div>        <\/form>        <style>          #bwg_container1_0 #bwg_container2_0 #spider_popup_overlay_0 {          background-color: #EEEEEE;          opacity: 0.60;          }          <\/style>        <div id=\"bwg_spider_popup_loading_0\" class=\"bwg_spider_popup_loading\"><\/div>        <div id=\"spider_popup_overlay_0\" class=\"spider_popup_overlay\" onclick=\"spider_destroypopup(1000)\"><\/div>        <input type=\"hidden\" id=\"bwg_random_seed_0\" value=\"294053900\">                <\/div>    <\/div>    <script>      if (document.readyState === 'complete') {        if( typeof bwg_main_ready == 'function' ) {          if ( jQuery(\"#bwg_container1_0\").height() ) {            bwg_main_ready(jQuery(\"#bwg_container1_0\"));          }        }      } else {        document.addEventListener('DOMContentLoaded', function() {          if( typeof bwg_main_ready == 'function' ) {            if ( jQuery(\"#bwg_container1_0\").height() ) {             bwg_main_ready(jQuery(\"#bwg_container1_0\"));            }          }        });      }    <\/script>    <\/div><\/div><\/div><\/div><\/div><\/div><\/div>","protected":false},"excerpt":{"rendered":"<p>Servicios de Gestor\u00eda Podemos ofrecer una variedad de servicios desde el tramite de compraventa de una propiedad, NIE, residencia o [&hellip;]<\/p>\n","protected":false},"author":1,"featured_media":0,"parent":0,"menu_order":0,"comment_status":"closed","ping_status":"closed","template":"","meta":{"site-sidebar-layout":"no-sidebar","site-content-layout":"plain-container","ast-site-content-layout":"default","site-content-style":"default","site-sidebar-style":"default","ast-global-header-display":"","ast-banner-title-visibility":"","ast-main-header-display":"","ast-hfb-above-header-display":"","ast-hfb-below-header-display":"","ast-hfb-mobile-header-display":"","site-post-title":"","ast-breadcrumbs-content":"","ast-featured-img":"","footer-sml-layout":"","ast-disable-related-posts":"","theme-transparent-header-meta":"default","adv-header-id-meta":"","stick-header-meta":"","header-above-stick-meta":"","header-main-stick-meta":"","header-below-stick-meta":"","astra-migrate-meta-layouts":"default","ast-page-background-enabled":"default","ast-page-background-meta":{"desktop":{"background-color":"","background-image":"","background-repeat":"repeat","background-position":"center center","background-size":"auto","background-attachment":"scroll","background-type":"","background-media":"","overlay-type":"","overlay-color":"","overlay-opacity":"","overlay-gradient":""},"tablet":{"background-color":"","background-image":"","background-repeat":"repeat","background-position":"center center","background-size":"auto","background-attachment":"scroll","background-type":"","background-media":"","overlay-type":"","overlay-color":"","overlay-opacity":"","overlay-gradient":""},"mobile":{"background-color":"","background-image":"","background-repeat":"repeat","background-position":"center center","background-size":"auto","background-attachment":"scroll","background-type":"","background-media":"","overlay-type":"","overlay-color":"","overlay-opacity":"","overlay-gradient":""}},"ast-content-background-meta":{"desktop":{"background-color":"var(--ast-global-color-5)","background-image":"","background-repeat":"repeat","background-position":"center center","background-size":"auto","background-attachment":"scroll","background-type":"","background-media":"","overlay-type":"","overlay-color":"","overlay-opacity":"","overlay-gradient":""},"tablet":{"background-color":"var(--ast-global-color-5)","background-image":"","background-repeat":"repeat","background-position":"center center","background-size":"auto","background-attachment":"scroll","background-type":"","background-media":"","overlay-type":"","overlay-color":"","overlay-opacity":"","overlay-gradient":""},"mobile":{"background-color":"var(--ast-global-color-5)","background-image":"","background-repeat":"repeat","background-position":"center center","background-size":"auto","background-attachment":"scroll","background-type":"","background-media":"","overlay-type":"","overlay-color":"","overlay-opacity":"","overlay-gradient":""}},"footnotes":""},"class_list":["post-752","page","type-page","status-publish","hentry"],"_links":{"self":[{"href":"https:\/\/housesandhomesspain.com\/es\/wp-json\/wp\/v2\/pages\/752","targetHints":{"allow":["GET"]}}],"collection":[{"href":"https:\/\/housesandhomesspain.com\/es\/wp-json\/wp\/v2\/pages"}],"about":[{"href":"https:\/\/housesandhomesspain.com\/es\/wp-json\/wp\/v2\/types\/page"}],"author":[{"embeddable":true,"href":"https:\/\/housesandhomesspain.com\/es\/wp-json\/wp\/v2\/users\/1"}],"replies":[{"embeddable":true,"href":"https:\/\/housesandhomesspain.com\/es\/wp-json\/wp\/v2\/comments?post=752"}],"version-history":[{"count":7,"href":"https:\/\/housesandhomesspain.com\/es\/wp-json\/wp\/v2\/pages\/752\/revisions"}],"predecessor-version":[{"id":1261,"href":"https:\/\/housesandhomesspain.com\/es\/wp-json\/wp\/v2\/pages\/752\/revisions\/1261"}],"wp:attachment":[{"href":"https:\/\/housesandhomesspain.com\/es\/wp-json\/wp\/v2\/media?parent=752"}],"curies":[{"name":"wp","href":"https:\/\/api.w.org\/{rel}","templated":true}]}}